{"id":305,"date":"2018-07-16T19:58:50","date_gmt":"2018-07-16T19:58:50","guid":{"rendered":"http:\/\/www.techcool.pl\/?page_id=305"},"modified":"2021-07-06T21:01:56","modified_gmt":"2021-07-06T21:01:56","slug":"oferta_alarmy_pl","status":"publish","type":"page","link":"https:\/\/www.techcool.pl\/?page_id=305","title":{"rendered":"OFERTA_DODATKOWE_PL"},"content":{"rendered":"<p>[et_pb_section fb_built=&#8221;1&#8243; disabled_on=&#8221;off|off|off&#8221; admin_label=&#8221;Header Section&#8221; _builder_version=&#8221;3.22&#8243; use_background_color_gradient=&#8221;on&#8221; background_color_gradient_start=&#8221;rgba(20,61,88,0.65)&#8221; background_color_gradient_end=&#8221;#143d58&#8243; background_color_gradient_overlays_image=&#8221;on&#8221; background_image=&#8221;https:\/\/www.techcool.pl\/wp-content\/uploads\/2018\/04\/7.jpg&#8221; custom_margin=&#8221;|||&#8221; custom_padding=&#8221;0|0px|0|0px|false|false&#8221; bottom_divider_style=&#8221;mountains2&#8243; bottom_divider_color=&#8221;rgba(5,41,66,0.3)&#8221; bottom_divider_height=&#8221;20vw&#8221; animation_style=&#8221;slide&#8221; animation_direction=&#8221;top&#8221; animation_intensity_slide=&#8221;3%&#8221; animation_starting_opacity=&#8221;100%&#8221;][et_pb_row disabled_on=&#8221;off|off|off&#8221; _builder_version=&#8221;3.25&#8243; width=&#8221;100%&#8221; max_width=&#8221;100%&#8221; custom_padding=&#8221;|||&#8221; use_custom_width=&#8221;on&#8221; width_unit=&#8221;off&#8221; custom_width_percent=&#8221;100%&#8221;][et_pb_column type=&#8221;4_4&#8243; _builder_version=&#8221;3.25&#8243; custom_padding=&#8221;|||&#8221; custom_padding__hover=&#8221;|||&#8221;][et_pb_text disabled_on=&#8221;off|off|off&#8221; _builder_version=&#8221;3.27.4&#8243; text_font=&#8221;Montserrat||||||||&#8221; text_font_size=&#8221;22px&#8221; text_line_height=&#8221;1.8em&#8221; header_font=&#8221;Montserrat|600||on|||||&#8221; header_text_align=&#8221;center&#8221; header_font_size=&#8221;6vw&#8221; header_line_height=&#8221;1.5em&#8221; text_orientation=&#8221;center&#8221; background_layout=&#8221;dark&#8221; custom_margin=&#8221;|||&#8221; header_font_size_tablet=&#8221;50px&#8221; header_font_size_phone=&#8221;&#8221; header_font_size_last_edited=&#8221;on|desktop&#8221; header_line_height_tablet=&#8221;1.1em&#8221; header_line_height_phone=&#8221;1.2em&#8221; header_line_height_last_edited=&#8221;off|desktop&#8221;]<\/p>\n<h1>US\u0141UGI DODATKOWE<\/h1>\n<p>[\/et_pb_text][\/et_pb_column][\/et_pb_row][\/et_pb_section][et_pb_section fb_built=&#8221;1&#8243; admin_label=&#8221;Service Details Section&#8221; _builder_version=&#8221;3.22&#8243; custom_padding=&#8221;73px|0px|74px|0px|false|false&#8221;][et_pb_row column_structure=&#8221;1_3,2_3&#8243; admin_label=&#8221;Service Details Header Row&#8221; _builder_version=&#8221;3.25&#8243;][et_pb_column type=&#8221;1_3&#8243; _builder_version=&#8221;3.25&#8243; custom_padding=&#8221;|||&#8221; custom_padding__hover=&#8221;|||&#8221;][et_pb_sidebar area=&#8221;sidebar-2&#8243; _builder_version=&#8221;3.0.106&#8243;][\/et_pb_sidebar][et_pb_sidebar _builder_version=&#8221;3.0.106&#8243;][\/et_pb_sidebar][\/et_pb_column][et_pb_column type=&#8221;2_3&#8243; _builder_version=&#8221;3.25&#8243; custom_padding=&#8221;|||&#8221; custom_padding__hover=&#8221;|||&#8221;][et_pb_text admin_label=&#8221;Service Title&#8221; _builder_version=&#8221;3.27.4&#8243; header_font=&#8221;||||||||&#8221; header_2_font=&#8221;Montserrat||||||||&#8221; header_2_text_color=&#8221;#21323d&#8221; header_2_font_size=&#8221;40px&#8221; max_width=&#8221;800px&#8221;]<\/p>\n<h2>Ponadto oferujemy:<\/h2>\n<p>[\/et_pb_text][et_pb_text admin_label=&#8221;Service Intro&#8221; _builder_version=&#8221;3.27.4&#8243; text_font=&#8221;Montserrat||||||||&#8221; text_text_color=&#8221;#5c6e7a&#8221; text_font_size=&#8221;15px&#8221; text_line_height=&#8221;2.2em&#8221; header_font=&#8221;||||||||&#8221; max_width=&#8221;800px&#8221; custom_padding=&#8221;|||&#8221;]<\/p>\n<h2>Serwis i instalacja :<\/h2>\n<p>\u25e6 system\u00f3w alarmowych (SATEL, DSC, Elmes, Rokonet, Ropam)<br \/> \u25e6 system\u00f3w sygnalizacji po\u017caru (Polon, Esser, Satel, GE)<br \/> \u25e6 sieci komputerowych ETTH, FTTH,<br \/> \u25e6 systemy kontroli dost\u0119pu plus rejestracja czasu pracy (Satel, Roger, Corral)<br \/> \u25e6 anteny i sieci rozbudowane RTV-SAT<br \/> \u25e6 system\u00f3w multimedialnych sal konferencyjnych<br \/><span>\u25e6 system\u00f3w telewizji przemys\u0142owej CCTV (BCS, APER, HIKVISION)<\/span><br \/><span>\u25e6 system\u00f3w telewizji przemys\u0142owej IP (Vivotek, Apti, FLEX, AXIS)<\/span><\/p>\n<p><span><\/span><\/p>\n<p><span><\/span><\/p>\n<h2>Klimatyzacja samochodowa :<\/h2>\n<p><span style=\"font-size: 15px;\">Naszym klientom oferujemy us\u0142ugi przegl\u0105du klimatyzacji, nape\u0142nianie klimatyzacji czynnikiem ch\u0142odniczym oraz napraw\u0119 ewentualnych uszkodze\u0144.<\/span><\/p>\n<div class=\"et_pb_module et_pb_text et_pb_text_2 et_pb_bg_layout_light  et_pb_text_align_left\">\n<div class=\"et_pb_text_inner\">\n<p>W ramach czyszczenia klimatyzacji samochodowej oferujemy:<\/p>\n<p>\u25e6 sezonow\u0105 wymiana oleju w uk\u0142adzie klimatyzacji,<br \/>\u25e6 nape\u0142nianie instalacji ekologicznym czynnikiem ch\u0142odniczym R134A,<br \/>\u25e6 sprawdzanie szczelno\u015bci nowoczesnymi metodami elektronicznymi, <br \/>\u25e6 naprawa uk\u0142ad\u00f3w, <br \/>\u25e6 wymiana ch\u0142odnic <br \/>\u25e6 dezynfekcja uk\u0142ad\u00f3w klimatyzacji (odgrzybianie) <br \/>\u25e6 wymiana filtr\u00f3w kabinowych <br \/>\u25e6 <strong>ozonowanie<\/strong> przy zastosowaniu profesjonalnych ozonator\u00f3w.<\/p>\n<\/div>\n<\/div>\n<p>[\/et_pb_text][\/et_pb_column][\/et_pb_row][\/et_pb_section][et_pb_section fb_built=&#8221;1&#8243; admin_label=&#8221;Footer Section&#8221; _builder_version=&#8221;3.22.3&#8243; use_background_color_gradient=&#8221;on&#8221; background_color_gradient_start=&#8221;rgba(20,61,88,0.65)&#8221; background_color_gradient_end=&#8221;#143d58&#8243; background_color_gradient_overlays_image=&#8221;on&#8221; background_image=&#8221;https:\/\/www.techcool.pl\/wp-content\/uploads\/2018\/04\/IMG_86326.jpg&#8221; custom_margin=&#8221;|||&#8221; custom_padding=&#8221;0|0px|0|0px&#8221; bottom_divider_style=&#8221;mountains2&#8243; bottom_divider_color=&#8221;rgba(5,41,66,0.3)&#8221; bottom_divider_height=&#8221;50%&#8221; animation_style=&#8221;slide&#8221; animation_direction=&#8221;bottom&#8221; animation_intensity_slide=&#8221;6%&#8221; animation_starting_opacity=&#8221;100%&#8221; saved_tabs=&#8221;all&#8221; global_module=&#8221;694&#8243;][et_pb_row admin_label=&#8221;CTA Row&#8221; _builder_version=&#8221;3.25&#8243; custom_padding=&#8221;61px|0px|0|0px|false|false&#8221;][et_pb_column type=&#8221;4_4&#8243; _builder_version=&#8221;3.25&#8243; custom_padding=&#8221;|||&#8221; custom_padding__hover=&#8221;|||&#8221;][et_pb_blurb title=&#8221;Masz pytania ? Zadzwo\u0144 !&#8221; image=&#8221;https:\/\/www.techcool.pl\/wp-content\/uploads\/2018\/04\/Call_icon.png&#8221; admin_label=&#8221;CTA&#8221; _builder_version=&#8221;3.19.4&#8243; header_font=&#8221;Montserrat||||||||&#8221; header_text_color=&#8221;#a4bccb&#8221; header_font_size=&#8221;20px&#8221; header_line_height=&#8221;1.5em&#8221; body_font=&#8221;Montserrat|500|||||||&#8221; body_text_align=&#8221;center&#8221; body_font_size=&#8221;30px&#8221; text_orientation=&#8221;center&#8221; background_layout=&#8221;dark&#8221; animation=&#8221;off&#8221;]<\/p>\n<p><span style=\"color: #ffffff;\"><a style=\"color: #ffffff;\" href=\"tel:+48655719051\">+48 65 571 90 51<\/a><\/span><\/p>\n<p>&nbsp;<\/p>\n<p>[\/et_pb_blurb][\/et_pb_column][\/et_pb_row][et_pb_row column_structure=&#8221;1_5,1_5,1_5,1_5,1_5&#8243; module_class=&#8221; et_pb_row_fullwidth&#8221; _builder_version=&#8221;3.25&#8243; width=&#8221;89%&#8221; width_tablet=&#8221;80%&#8221; width_phone=&#8221;&#8221; width_last_edited=&#8221;on|desktop&#8221; max_width=&#8221;89%&#8221; max_width_tablet=&#8221;80%&#8221; max_width_phone=&#8221;&#8221; max_width_last_edited=&#8221;on|desktop&#8221; custom_padding=&#8221;0|0px|0|0px|false|false&#8221; filter_opacity=&#8221;63%&#8221; make_fullwidth=&#8221;on&#8221;][et_pb_column type=&#8221;1_5&#8243; _builder_version=&#8221;3.25&#8243; custom_padding=&#8221;|||&#8221; custom_padding__hover=&#8221;|||&#8221;][et_pb_text _builder_version=&#8221;3.27.4&#8243; text_font=&#8221;||||||||&#8221; text_text_color=&#8221;#ffffff&#8221; text_font_size=&#8221;20px&#8221; text_orientation=&#8221;center&#8221; custom_margin=&#8221;||20px&#8221; custom_padding=&#8221;||20px&#8221; border_width_bottom=&#8221;2px&#8221; border_color_bottom=&#8221;#ffffff&#8221;]<\/p>\n<p><span>Sekretariat<\/span><br \/> <span><\/span><\/p>\n<p>[\/et_pb_text][et_pb_text _builder_version=&#8221;3.27.4&#8243; text_font=&#8221;||||||||&#8221; text_text_color=&#8221;#ffffff&#8221; text_orientation=&#8221;center&#8221;]<\/p>\n<p><span style=\"color: #ffffff;\"><a href=\"tel:607607213\" style=\"color: #ffffff;\">607 607 213<\/a><\/span><br \/><span style=\"color: #ffffff;\"> <a href=\"mailto:sekretariat@techcool.pl\" style=\"color: #ffffff;\">sekretariat@techcool.pl<\/a><\/span><\/p>\n<p><span><\/span><\/p>\n<p><span><\/span><\/p>\n<p><span><\/span><\/p>\n<p><span><\/span><\/p>\n<p>[\/et_pb_text][\/et_pb_column][et_pb_column type=&#8221;1_5&#8243; _builder_version=&#8221;3.25&#8243; custom_padding=&#8221;|||&#8221; custom_padding__hover=&#8221;|||&#8221;][et_pb_text _builder_version=&#8221;3.27.4&#8243; text_font=&#8221;||||||||&#8221; text_text_color=&#8221;#ffffff&#8221; text_font_size=&#8221;20px&#8221; text_orientation=&#8221;center&#8221; custom_margin=&#8221;||20px&#8221; custom_padding=&#8221;||20px&#8221; border_width_bottom=&#8221;2px&#8221; border_color_bottom=&#8221;#ffffff&#8221;]<\/p>\n<p><span>Ksi\u0119gowo\u015b\u0107<\/span><br \/> <span><\/span><\/p>\n<p>[\/et_pb_text][et_pb_text _builder_version=&#8221;4.9.7&#8243; text_font=&#8221;||||||||&#8221; text_text_color=&#8221;#ffffff&#8221; text_orientation=&#8221;center&#8221;]<span style=\"color: #ffffff;\"><a href=\"tel:609609948\" style=\"color: #ffffff;\">609 609 948<\/a><br \/>\n<a href=\"mailto:w.goscianska@techcool.pl\" style=\"color: #ffffff;\">w.goscianska@techcool.pl<\/a><\/span><\/p>\n<p><span><\/span>[\/et_pb_text][\/et_pb_column][et_pb_column type=&#8221;1_5&#8243; _builder_version=&#8221;3.25&#8243; custom_padding=&#8221;|||&#8221; custom_padding__hover=&#8221;|||&#8221;][et_pb_text _builder_version=&#8221;3.27.4&#8243; text_font=&#8221;||||||||&#8221; text_text_color=&#8221;#ffffff&#8221; text_font_size=&#8221;20px&#8221; text_orientation=&#8221;center&#8221; custom_margin=&#8221;||20px&#8221; custom_padding=&#8221;||20px&#8221; border_width_bottom=&#8221;2px&#8221; border_color_bottom=&#8221;#ffffff&#8221;]<\/p>\n<p><span>Dzia\u0142 zakup\u00f3w<\/span><br \/> <span><\/span><\/p>\n<p>[\/et_pb_text][et_pb_text _builder_version=&#8221;3.27.4&#8243; text_font=&#8221;||||||||&#8221; text_text_color=&#8221;#ffffff&#8221; text_orientation=&#8221;center&#8221;]<\/p>\n<p><span style=\"color: #ffffff;\"><a href=\"tel:603323301\" style=\"color: #ffffff;\">603 323 301<\/a><\/span><br \/><span style=\"color: #ffffff;\"><a href=\"mailto:k.gaszek@techcool.pl\" style=\"color: #ffffff;\">k.gaszek@techcool.pl<\/a><\/span><\/p>\n<p><span><\/span><\/p>\n<p>[\/et_pb_text][\/et_pb_column][et_pb_column type=&#8221;1_5&#8243; _builder_version=&#8221;3.25&#8243; custom_padding=&#8221;|||&#8221; custom_padding__hover=&#8221;|||&#8221;][et_pb_text _builder_version=&#8221;3.27.4&#8243; text_font=&#8221;||||||||&#8221; text_text_color=&#8221;#ffffff&#8221; text_font_size=&#8221;20px&#8221; text_orientation=&#8221;center&#8221; custom_margin=&#8221;||20px&#8221; custom_padding=&#8221;||20px&#8221; border_width_bottom=&#8221;2px&#8221; border_color_bottom=&#8221;#ffffff&#8221;]<\/p>\n<p><span>Dzia\u0142 zabezpiecze\u0144<\/span><br \/> <span><\/span><\/p>\n<p>[\/et_pb_text][et_pb_text _builder_version=&#8221;3.27.4&#8243; text_font=&#8221;||||||||&#8221; text_text_color=&#8221;#ffffff&#8221; text_orientation=&#8221;center&#8221;]<\/p>\n<p><span style=\"color: #ffffff;\"><a href=\"tel:605601150\" style=\"color: #ffffff;\">605 601 150<\/a><\/span><br \/><span style=\"color: #ffffff;\"><a href=\"mailto:m.goluch@techcool.pl\" style=\"color: #ffffff;\">m.goluch@techcool.pl<\/a><\/span><br \/><span style=\"color: #ffffff;\"><\/span><\/p>\n<p><span><\/span><\/p>\n<p>[\/et_pb_text][\/et_pb_column][et_pb_column type=&#8221;1_5&#8243; _builder_version=&#8221;3.25&#8243; custom_padding=&#8221;|||&#8221; custom_padding__hover=&#8221;|||&#8221;][et_pb_text _builder_version=&#8221;3.27.4&#8243; text_font=&#8221;||||||||&#8221; text_text_color=&#8221;#ffffff&#8221; text_font_size=&#8221;20px&#8221; text_orientation=&#8221;center&#8221; custom_margin=&#8221;||20px&#8221; custom_padding=&#8221;||20px&#8221; border_width_bottom=&#8221;2px&#8221; border_color_bottom=&#8221;#ffffff&#8221;]<\/p>\n<p><span>Serwis ch\u0142odniczy<\/span><br \/> <span><\/span><\/p>\n<p>[\/et_pb_text][et_pb_text _builder_version=&#8221;3.27.4&#8243; text_font=&#8221;||||||||&#8221; text_text_color=&#8221;#ffffff&#8221; text_orientation=&#8221;center&#8221;]<\/p>\n<p><span style=\"color: #ffffff;\"><a href=\"tel:665032545\" style=\"color: #ffffff;\">665 032 545<\/a>\u00a0\/\u00a0<a href=\"tel:603393400\" style=\"color: #ffffff;\">603 393 400<\/a><\/span><br \/><span style=\"color: #ffffff;\"><a href=\"mailto:serwis@techcool.pl\" style=\"color: #ffffff;\">serwis@techcool.pl<\/a><\/span><br \/><span style=\"color: #ffffff;\"><\/span><\/p>\n<p><span><\/span><\/p>\n<p>[\/et_pb_text][\/et_pb_column][\/et_pb_row][\/et_pb_section]<\/p>\n","protected":false},"excerpt":{"rendered":"<p>US\u0141UGI DODATKOWEPonadto oferujemy:Serwis i instalacja : \u25e6 system\u00f3w alarmowych (SATEL, DSC, Elmes, Rokonet, Ropam) \u25e6 system\u00f3w sygnalizacji po\u017caru (Polon, Esser, Satel, GE) \u25e6 sieci komputerowych ETTH, FTTH, \u25e6 systemy kontroli dost\u0119pu plus rejestracja czasu pracy (Satel, Roger, Corral) \u25e6 anteny i sieci rozbudowane RTV-SAT \u25e6 system\u00f3w multimedialnych sal konferencyjnych\u25e6 system\u00f3w telewizji przemys\u0142owej CCTV (BCS, APER, [&hellip;]<\/p>\n","protected":false},"author":1,"featured_media":0,"parent":0,"menu_order":0,"comment_status":"closed","ping_status":"closed","template":"","meta":{"_et_pb_use_builder":"on","_et_pb_old_content":"","_et_gb_content_width":"","footnotes":""},"class_list":["post-305","page","type-page","status-publish","hentry"],"_links":{"self":[{"href":"https:\/\/www.techcool.pl\/index.php?rest_route=\/wp\/v2\/pages\/305","targetHints":{"allow":["GET"]}}],"collection":[{"href":"https:\/\/www.techcool.pl\/index.php?rest_route=\/wp\/v2\/pages"}],"about":[{"href":"https:\/\/www.techcool.pl\/index.php?rest_route=\/wp\/v2\/types\/page"}],"author":[{"embeddable":true,"href":"https:\/\/www.techcool.pl\/index.php?rest_route=\/wp\/v2\/users\/1"}],"replies":[{"embeddable":true,"href":"https:\/\/www.techcool.pl\/index.php?rest_route=%2Fwp%2Fv2%2Fcomments&post=305"}],"version-history":[{"count":13,"href":"https:\/\/www.techcool.pl\/index.php?rest_route=\/wp\/v2\/pages\/305\/revisions"}],"predecessor-version":[{"id":702,"href":"https:\/\/www.techcool.pl\/index.php?rest_route=\/wp\/v2\/pages\/305\/revisions\/702"}],"wp:attachment":[{"href":"https:\/\/www.techcool.pl\/index.php?rest_route=%2Fwp%2Fv2%2Fmedia&parent=305"}],"curies":[{"name":"wp","href":"https:\/\/api.w.org\/{rel}","templated":true}]}}