{"id":74,"date":"2018-04-19T13:09:54","date_gmt":"2018-04-19T13:09:54","guid":{"rendered":"http:\/\/www.techcool.pl\/?page_id=74"},"modified":"2025-01-07T20:02:44","modified_gmt":"2025-01-07T20:02:44","slug":"kontakt","status":"publish","type":"page","link":"https:\/\/www.techcool.pl\/?page_id=74","title":{"rendered":"KONTAKT"},"content":{"rendered":"<p>[et_pb_section fb_built=&#8221;1&#8243; disabled_on=&#8221;off|off|off&#8221; admin_label=&#8221;Header Section&#8221; _builder_version=&#8221;4.16&#8243; use_background_color_gradient=&#8221;on&#8221; background_color_gradient_stops=&#8221;rgba(20,61,88,0.65) 0%|#143d58 100%&#8221; background_color_gradient_overlays_image=&#8221;on&#8221; background_color_gradient_start=&#8221;rgba(20,61,88,0.65)&#8221; background_color_gradient_end=&#8221;#143d58&#8243; background_image=&#8221;https:\/\/www.techcool.pl\/wp-content\/uploads\/2018\/04\/IMG_8546.jpg&#8221; custom_margin=&#8221;|||&#8221; custom_padding=&#8221;2vw|0px|2vw|0px&#8221; bottom_divider_style=&#8221;mountains2&#8243; bottom_divider_color=&#8221;rgba(5,41,66,0.3)&#8221; bottom_divider_height=&#8221;20vw&#8221; animation_style=&#8221;slide&#8221; animation_direction=&#8221;top&#8221; animation_intensity_slide=&#8221;3%&#8221; animation_starting_opacity=&#8221;100%&#8221; global_colors_info=&#8221;{}&#8221;][et_pb_row disabled_on=&#8221;off|off|off&#8221; module_class=&#8221; et_pb_row_fullwidth&#8221; _builder_version=&#8221;4.16&#8243; width=&#8221;89%&#8221; width_tablet=&#8221;80%&#8221; width_phone=&#8221;&#8221; width_last_edited=&#8221;on|desktop&#8221; max_width=&#8221;89%&#8221; max_width_tablet=&#8221;80%&#8221; max_width_phone=&#8221;&#8221; max_width_last_edited=&#8221;on|desktop&#8221; custom_padding=&#8221;|||&#8221; make_fullwidth=&#8221;on&#8221; global_colors_info=&#8221;{}&#8221;][et_pb_column type=&#8221;4_4&#8243; _builder_version=&#8221;4.16&#8243; custom_padding=&#8221;|||&#8221; global_colors_info=&#8221;{}&#8221; custom_padding__hover=&#8221;|||&#8221;][et_pb_text disabled_on=&#8221;off|off|off&#8221; _builder_version=&#8221;4.16&#8243; text_font=&#8221;Montserrat||||||||&#8221; text_font_size=&#8221;22px&#8221; text_line_height=&#8221;1.8em&#8221; header_font=&#8221;Montserrat|600||on|||||&#8221; header_text_align=&#8221;center&#8221; header_font_size=&#8221;6vw&#8221; header_line_height=&#8221;1.5em&#8221; text_orientation=&#8221;center&#8221; background_layout=&#8221;dark&#8221; custom_margin=&#8221;|||&#8221; header_font_size_tablet=&#8221;50px&#8221; header_font_size_phone=&#8221;&#8221; header_font_size_last_edited=&#8221;on|desktop&#8221; header_line_height_tablet=&#8221;1.1em&#8221; header_line_height_phone=&#8221;1.2em&#8221; header_line_height_last_edited=&#8221;off|desktop&#8221; global_colors_info=&#8221;{}&#8221;]<\/p>\n<h1>Kontakt<\/h1>\n<p>[\/et_pb_text][\/et_pb_column][\/et_pb_row][\/et_pb_section][et_pb_section fb_built=&#8221;1&#8243; specialty=&#8221;on&#8221; padding_top_1=&#8221;0px&#8221; padding_left_1=&#8221;5%&#8221; padding_1_tablet=&#8221;0px|10%||10%&#8221; padding_1_phone=&#8221;&#8221; padding_1_last_edited=&#8221;on|tablet&#8221; admin_label=&#8221;Commitment Section&#8221; _builder_version=&#8221;4.16&#8243; background_color_gradient_direction=&#8221;90deg&#8221; inner_width=&#8221;100%&#8221; inner_max_width=&#8221;100%&#8221; custom_margin=&#8221;|||&#8221; custom_padding=&#8221;93px|0px|0|0px&#8221; animation_style=&#8221;slide&#8221; animation_direction=&#8221;right&#8221; animation_intensity_slide=&#8221;2%&#8221; use_custom_width=&#8221;on&#8221; width_unit=&#8221;off&#8221; custom_width_percent=&#8221;100%&#8221; global_colors_info=&#8221;{}&#8221;][et_pb_column type=&#8221;1_2&#8243; _builder_version=&#8221;4.16&#8243; custom_padding=&#8221;|||&#8221; global_colors_info=&#8221;{}&#8221; padding_tablet=&#8221;0px|10%||10%&#8221; padding_tablet__hover=&#8221;0px|10%||10%&#8221; padding_last_edited=&#8221;on|tablet&#8221; padding_last_edited__hover=&#8221;on|tablet&#8221; padding_left__hover=&#8221;5%&#8221; padding_top__hover=&#8221;0px&#8221; parallax__hover=&#8221;off&#8221; parallax_method__hover=&#8221;on&#8221; custom_padding__hover=&#8221;|||&#8221; padding_phone=&#8221;0px|10%||10%&#8221;][et_pb_text admin_label=&#8221;Title&#8221; _builder_version=&#8221;4.16&#8243; text_font=&#8221;||||||||&#8221; header_font=&#8221;||||||||&#8221; header_2_font=&#8221;Montserrat||||||||&#8221; header_2_font_size=&#8221;40px&#8221; header_2_line_height=&#8221;1.5em&#8221; max_width=&#8221;800px&#8221; custom_margin=&#8221;|||&#8221; custom_padding=&#8221;|||&#8221; custom_padding_tablet=&#8221;0px|10%||70px&#8221; custom_padding_phone=&#8221;0px|10%||50px&#8221; custom_padding_last_edited=&#8221;off|desktop&#8221; header_2_font_size_tablet=&#8221;35px&#8221; header_2_font_size_phone=&#8221;35px&#8221; header_2_font_size_last_edited=&#8221;on|phone&#8221; header_2_line_height_tablet=&#8221;1em&#8221; header_2_line_height_phone=&#8221;1.4em&#8221; header_2_line_height_last_edited=&#8221;off|desktop&#8221; global_colors_info=&#8221;{}&#8221;]<\/p>\n<h2>Szanowni Pa\u0144stwo.<\/h2>\n<p>&nbsp;<\/p>\n<p>Bardzo serdecznie zapraszamy do kontaktu z naszymi przedstawicielami. W razie jakichkolwiek pyta\u0144, nasi do\u015bwiadczeni specjali\u015bci, gotowi s\u0105 udzieli\u0107 Pa\u0144stwu wyczerpuj\u0105cych odpowiedzi. Dodatkowo nasza kadra poinformuje Pa\u0144stwa o mo\u017cliwie najkorzystniejszych rozwi\u0105zaniach, wska\u017ce niezb\u0119dne parametry techniczne, rozwieje wszelkie w\u0105tpliwo\u015bci. Informacji udzielamy zar\u00f3wno w przypadku kontaktu osobistego, jak i podczas rozmowy telefonicznej. Istnieje r\u00f3wnie\u017c mo\u017cliwo\u015b\u0107 wys\u0142ania do nas wiadomo\u015bci e-mail. Dok\u0142adamy wszelkich stara\u0144, by sprosta\u0107 oczekiwaniom wsp\u00f3\u0142czesnego Klienta, dlatego te\u017c jeste\u015bmy do Pa\u0144stwa dyspozycji od poniedzia\u0142ku do pi\u0105tku w godzinach od 7:00 do 15:00.<\/p>\n<h2><\/h2>\n<p>[\/et_pb_text][et_pb_text admin_label=&#8221;Title&#8221; _builder_version=&#8221;4.16&#8243; text_font=&#8221;||||||||&#8221; header_font=&#8221;||||||||&#8221; header_2_font=&#8221;Montserrat||||||||&#8221; header_2_font_size=&#8221;40px&#8221; header_2_line_height=&#8221;1.5em&#8221; max_width=&#8221;800px&#8221; custom_margin=&#8221;|||&#8221; custom_padding=&#8221;|||&#8221; custom_padding_tablet=&#8221;0px|10%||70px&#8221; custom_padding_phone=&#8221;0px|10%||50px&#8221; custom_padding_last_edited=&#8221;off|desktop&#8221; header_2_font_size_tablet=&#8221;35px&#8221; header_2_font_size_phone=&#8221;35px&#8221; header_2_font_size_last_edited=&#8221;on|phone&#8221; header_2_line_height_tablet=&#8221;1em&#8221; header_2_line_height_phone=&#8221;1.4em&#8221; header_2_line_height_last_edited=&#8221;off|desktop&#8221; global_colors_info=&#8221;{}&#8221;]<\/p>\n<h2>Formularz kontaktowy<\/h2>\n<p>[\/et_pb_text][et_pb_contact_form captcha=&#8221;off&#8221; email=&#8221;sekretariat@techcool.pl&#8221; custom_message=&#8221;Imi\u0119\/Nazwa firmy : %%Name%% ||et_pb_line_break_holder||||et_pb_line_break_holder||Adres email : %%Email%%||et_pb_line_break_holder||||et_pb_line_break_holder||Nr telefonu : %%Subject%%||et_pb_line_break_holder||||et_pb_line_break_holder||Tre\u015b\u0107 zapytania : %%Message%%&#8221; success_message=&#8221;Wiadomo\u015b\u0107 zosta\u0142a wys\u0142ana poprawnie.&#8221; module_id=&#8221;et_pb_contact_form_0&#8243; _builder_version=&#8221;4.16&#8243; _unique_id=&#8221;1a2e49c9-ca4d-4a0b-8285-6777eeb4c09c&#8221; form_field_background_color=&#8221;rgba(101,131,137,0.1)&#8221; form_field_font=&#8221;Montserrat|500|||||||&#8221; custom_button=&#8221;on&#8221; button_text_size=&#8221;14px&#8221; button_text_color=&#8221;#ffffff&#8221; button_bg_color=&#8221;#0c71c3&#8243; button_border_width=&#8221;0px&#8221; button_border_color=&#8221;#f6961b&#8221; button_border_radius=&#8221;2px&#8221; button_font=&#8221;Montserrat|700||on|||||&#8221; custom_padding=&#8221;||0px|&#8221; custom_padding_tablet=&#8221;0px||120px|&#8221; custom_padding_phone=&#8221;0px|||&#8221; custom_padding_last_edited=&#8221;off|desktop&#8221; border_color_all=&#8221;#f2f2f2&#8243; form_background_color=&#8221;rgba(101,131,137,0.1)&#8221; locked=&#8221;off&#8221; global_colors_info=&#8221;{}&#8221;][et_pb_contact_field field_id=&#8221;Name&#8221; field_title=&#8221;Imi\u0119 \/ Nazwa firmy&#8221; _builder_version=&#8221;4.16&#8243; global_colors_info=&#8221;{}&#8221; button_text_size__hover_enabled=&#8221;off&#8221; button_one_text_size__hover_enabled=&#8221;off&#8221; button_two_text_size__hover_enabled=&#8221;off&#8221; button_text_color__hover_enabled=&#8221;off&#8221; button_one_text_color__hover_enabled=&#8221;off&#8221; button_two_text_color__hover_enabled=&#8221;off&#8221; button_border_width__hover_enabled=&#8221;off&#8221; button_one_border_width__hover_enabled=&#8221;off&#8221; button_two_border_width__hover_enabled=&#8221;off&#8221; button_border_color__hover_enabled=&#8221;off&#8221; button_one_border_color__hover_enabled=&#8221;off&#8221; button_two_border_color__hover_enabled=&#8221;off&#8221; button_border_radius__hover_enabled=&#8221;off&#8221; button_one_border_radius__hover_enabled=&#8221;off&#8221; button_two_border_radius__hover_enabled=&#8221;off&#8221; button_letter_spacing__hover_enabled=&#8221;off&#8221; button_one_letter_spacing__hover_enabled=&#8221;off&#8221; button_two_letter_spacing__hover_enabled=&#8221;off&#8221; button_bg_color__hover_enabled=&#8221;off&#8221; button_one_bg_color__hover_enabled=&#8221;off&#8221; button_two_bg_color__hover_enabled=&#8221;off&#8221;][\/et_pb_contact_field][et_pb_contact_field field_id=&#8221;Email&#8221; field_title=&#8221;Adres e-mail&#8221; field_type=&#8221;email&#8221; _builder_version=&#8221;4.16&#8243; global_colors_info=&#8221;{}&#8221; button_text_size__hover_enabled=&#8221;off&#8221; button_one_text_size__hover_enabled=&#8221;off&#8221; button_two_text_size__hover_enabled=&#8221;off&#8221; button_text_color__hover_enabled=&#8221;off&#8221; button_one_text_color__hover_enabled=&#8221;off&#8221; button_two_text_color__hover_enabled=&#8221;off&#8221; button_border_width__hover_enabled=&#8221;off&#8221; button_one_border_width__hover_enabled=&#8221;off&#8221; button_two_border_width__hover_enabled=&#8221;off&#8221; button_border_color__hover_enabled=&#8221;off&#8221; button_one_border_color__hover_enabled=&#8221;off&#8221; button_two_border_color__hover_enabled=&#8221;off&#8221; button_border_radius__hover_enabled=&#8221;off&#8221; button_one_border_radius__hover_enabled=&#8221;off&#8221; button_two_border_radius__hover_enabled=&#8221;off&#8221; button_letter_spacing__hover_enabled=&#8221;off&#8221; button_one_letter_spacing__hover_enabled=&#8221;off&#8221; button_two_letter_spacing__hover_enabled=&#8221;off&#8221; button_bg_color__hover_enabled=&#8221;off&#8221; button_one_bg_color__hover_enabled=&#8221;off&#8221; button_two_bg_color__hover_enabled=&#8221;off&#8221;][\/et_pb_contact_field][et_pb_contact_field field_id=&#8221;Subject&#8221; field_title=&#8221;Nr telefonu&#8221; fullwidth_field=&#8221;on&#8221; _builder_version=&#8221;4.16&#8243; global_colors_info=&#8221;{}&#8221; button_text_size__hover_enabled=&#8221;off&#8221; button_one_text_size__hover_enabled=&#8221;off&#8221; button_two_text_size__hover_enabled=&#8221;off&#8221; button_text_color__hover_enabled=&#8221;off&#8221; button_one_text_color__hover_enabled=&#8221;off&#8221; button_two_text_color__hover_enabled=&#8221;off&#8221; button_border_width__hover_enabled=&#8221;off&#8221; button_one_border_width__hover_enabled=&#8221;off&#8221; button_two_border_width__hover_enabled=&#8221;off&#8221; button_border_color__hover_enabled=&#8221;off&#8221; button_one_border_color__hover_enabled=&#8221;off&#8221; button_two_border_color__hover_enabled=&#8221;off&#8221; button_border_radius__hover_enabled=&#8221;off&#8221; button_one_border_radius__hover_enabled=&#8221;off&#8221; button_two_border_radius__hover_enabled=&#8221;off&#8221; button_letter_spacing__hover_enabled=&#8221;off&#8221; button_one_letter_spacing__hover_enabled=&#8221;off&#8221; button_two_letter_spacing__hover_enabled=&#8221;off&#8221; button_bg_color__hover_enabled=&#8221;off&#8221; button_one_bg_color__hover_enabled=&#8221;off&#8221; button_two_bg_color__hover_enabled=&#8221;off&#8221;][\/et_pb_contact_field][et_pb_contact_field field_id=&#8221;Message&#8221; field_title=&#8221;Wiadomo\u015b\u0107&#8221; field_type=&#8221;text&#8221; fullwidth_field=&#8221;on&#8221; _builder_version=&#8221;4.16&#8243; global_colors_info=&#8221;{}&#8221; button_text_size__hover_enabled=&#8221;off&#8221; button_one_text_size__hover_enabled=&#8221;off&#8221; button_two_text_size__hover_enabled=&#8221;off&#8221; button_text_color__hover_enabled=&#8221;off&#8221; button_one_text_color__hover_enabled=&#8221;off&#8221; button_two_text_color__hover_enabled=&#8221;off&#8221; button_border_width__hover_enabled=&#8221;off&#8221; button_one_border_width__hover_enabled=&#8221;off&#8221; button_two_border_width__hover_enabled=&#8221;off&#8221; button_border_color__hover_enabled=&#8221;off&#8221; button_one_border_color__hover_enabled=&#8221;off&#8221; button_two_border_color__hover_enabled=&#8221;off&#8221; button_border_radius__hover_enabled=&#8221;off&#8221; button_one_border_radius__hover_enabled=&#8221;off&#8221; button_two_border_radius__hover_enabled=&#8221;off&#8221; button_letter_spacing__hover_enabled=&#8221;off&#8221; button_one_letter_spacing__hover_enabled=&#8221;off&#8221; button_two_letter_spacing__hover_enabled=&#8221;off&#8221; button_bg_color__hover_enabled=&#8221;off&#8221; button_one_bg_color__hover_enabled=&#8221;off&#8221; button_two_bg_color__hover_enabled=&#8221;off&#8221;][\/et_pb_contact_field][\/et_pb_contact_form][et_pb_text _builder_version=&#8221;4.16&#8243; text_font=&#8221;||||||||&#8221; text_font_size=&#8221;11px&#8221; global_colors_info=&#8221;{}&#8221;]<\/p>\n<p><span>Administratorem danych osobowych jest firma Techcool Sp. z o.o. z siedzib\u0105 przy ul. Gosty\u0144skiej 11, 63-820 Piaski. Dane wpisane w formularzu kontaktowym b\u0119d\u0105 przetwarzane w celu udzielenia odpowiedzi na przesy\u0142ane zapytanie zgodnie z regulaminem i nie b\u0119d\u0105 udost\u0119pniane innym odbiorcom danych. <\/span><\/p>\n<p>Artyku\u0142 6 ust. 1 lit. b RODO stanowi, \u017ce dozwolone jest przetwarzanie danych osobowych w\u00a0zakresie, w\u00a0jakim jest to niezb\u0119dne do wykonania umowy albo jest to niezb\u0119dne do podj\u0119cia dzia\u0142a\u0144 na \u017c\u0105danie osoby, kt\u00f3rej dane dotycz\u0105, przed zawarciem umowy.<\/p>\n<p>Dane nie s\u0105 w \u017caden spos\u00f3b gromadzone ani przechowywane, a po udzieleniu odpowiedzi zostaj\u0105 ca\u0142kowicie usuni\u0119te.<\/p>\n<p>[\/et_pb_text][\/et_pb_column][et_pb_column type=&#8221;1_2&#8243; specialty_columns=&#8221;2&#8243; _builder_version=&#8221;4.16&#8243; custom_padding=&#8221;|||&#8221; global_colors_info=&#8221;{}&#8221; parallax__hover=&#8221;off&#8221; parallax_method__hover=&#8221;on&#8221; custom_padding__hover=&#8221;|||&#8221;][et_pb_row_inner column_structure=&#8221;1_2,1_2&#8243; use_custom_gutter=&#8221;on&#8221; gutter_width=&#8221;1&#8243; make_equal=&#8221;on&#8221; _builder_version=&#8221;4.16&#8243; custom_padding=&#8221;0px|0px|0|0px&#8221; box_shadow_style=&#8221;preset3&#8243; box_shadow_horizontal=&#8221;-40px&#8221; box_shadow_vertical=&#8221;40px&#8221; box_shadow_blur=&#8221;120px&#8221; box_shadow_spread=&#8221;-24px&#8221; box_shadow_color=&#8221;rgba(67,96,124,0.5)&#8221; global_colors_info=&#8221;{}&#8221;][et_pb_column_inner type=&#8221;1_2&#8243; saved_specialty_column_type=&#8221;1_2&#8243; _builder_version=&#8221;4.16&#8243; background_color=&#8221;#1777cf&#8221; custom_padding=&#8221;|||&#8221; global_colors_info=&#8221;{}&#8221; background_color__hover=&#8221;#1777cf&#8221; parallax__hover=&#8221;off&#8221; parallax_method__hover=&#8221;on&#8221; custom_padding__hover=&#8221;|||&#8221;][et_pb_blurb title=&#8221;+48 65 571 90 51&#8243; use_icon=&#8221;on&#8221; font_icon=&#8221;&#xe090;||divi||400&#8243; icon_color=&#8221;#1576cd&#8221; image_icon_background_color=&#8221;#d5ebff&#8221; image_icon_width=&#8221;16px&#8221; _builder_version=&#8221;4.23.4&#8243; header_font=&#8221;Montserrat|500|||||||&#8221; header_text_color=&#8221;#ffffff&#8221; image_icon_custom_padding=&#8221;25px|25px|25px|25px|false|false&#8221; text_orientation=&#8221;center&#8221; background_layout=&#8221;dark&#8221; custom_margin=&#8221;40px|20px||20px&#8221; custom_padding=&#8221;20px||50px|&#8221; border_radii_image=&#8221;on|100%|100%|100%|100%&#8221; icon_font_size=&#8221;16px&#8221; use_circle=&#8221;on&#8221; circle_color=&#8221;#d5ebff&#8221; global_colors_info=&#8221;{}&#8221; image_icon_background_color__sticky_enabled=&#8221;#002c5e&#8221; image_icon_background_color__sticky=&#8221;#002c5e&#8221;]<span style=\"color: #ffffff;\">\u00a0<\/span><\/p>\n<p><span style=\"color: #ffffff; font-size: large;\">Sekretariat<\/span><br \/>\n<span style=\"color: #ffffff;\"> <a style=\"color: #ffffff;\" href=\"tel:607607213\">607 607 213<\/a><\/span><br \/>\n<span style=\"color: #ffffff;\"> <a style=\"color: #ffffff;\" href=\"mailto:sekretariat@techcool.pl\">sekretariat@techcool.pl<\/a><\/span><\/p>\n<p><span style=\"color: #ffffff;\">\u00a0<\/span><\/p>\n<p><span style=\"color: #ffffff;\"><span style=\"font-size: 14px;\"><span style=\"font-size: large;\">Ksi\u0119gowo\u015b\u0107<\/span><br \/>\n<\/span><span style=\"font-size: 14px;\"><a style=\"color: #ffffff;\" href=\"tel:609609948\">609 609 948<\/a><br \/>\n<\/span><a style=\"font-size: 14px; color: #ffffff;\" href=\"mailto:ksiegowosc@techcool.pl\">ksiegowosc@techcool.pl<\/a><\/span><\/p>\n<p><span style=\"color: #ffffff;\">\u00a0<\/span><\/p>\n<p><span style=\"color: #ffffff; font-size: large;\">Dzia\u0142 zabezpiecze\u0144<\/span><br \/>\n<span style=\"color: #ffffff;\"> <a style=\"color: #ffffff;\" href=\"tel:605601150\">605 601 150<\/a><\/span><br \/>\n<span style=\"color: #ffffff;\"> <a style=\"color: #ffffff;\" href=\"mailto:m.goluch@techcool.pl\">m.goluch@techcool.pl<\/a><\/span><\/p>\n<p><span style=\"color: #ffffff;\">\u00a0<\/span><\/p>\n<p><span style=\"color: #ffffff; font-size: large;\">Serwis ch\u0142odniczy<\/span><br \/>\n<span style=\"color: #ffffff;\"> <a style=\"color: #ffffff;\" href=\"tel:665032545\">665 032 545<\/a> \/ <a style=\"color: #ffffff;\" href=\"tel:603393400\">603 393 400<\/a><\/span><br \/>\n<span style=\"color: #ffffff;\"> <a style=\"color: #ffffff;\" href=\"mailto:serwis@techcool.pl\">serwis@techcool.pl<\/a><\/span>[\/et_pb_blurb][\/et_pb_column_inner][et_pb_column_inner type=&#8221;1_2&#8243; saved_specialty_column_type=&#8221;1_2&#8243; _builder_version=&#8221;4.16&#8243; background_color=&#8221;#1f3142&#8243; custom_padding=&#8221;|||&#8221; global_colors_info=&#8221;{}&#8221; background_color__hover=&#8221;#1f3142&#8243; parallax__hover=&#8221;off&#8221; parallax_method__hover=&#8221;on&#8221; custom_padding__hover=&#8221;|||&#8221;][et_pb_blurb use_icon=&#8221;on&#8221; font_icon=&#8221;&#xe074;||divi||400&#8243; icon_color=&#8221;#1576cd&#8221; image_icon_background_color=&#8221;#d5ebff&#8221; image_icon_width=&#8221;16px&#8221; _builder_version=&#8221;4.16&#8243; header_font=&#8221;Montserrat|500|||||||&#8221; body_font=&#8221;Montserrat||||||||&#8221; image_icon_custom_padding=&#8221;25px|25px|25px|25px|false|false&#8221; text_orientation=&#8221;center&#8221; background_layout=&#8221;dark&#8221; custom_margin=&#8221;40px|20px|40px|20px&#8221; custom_padding=&#8221;20px|||&#8221; border_radii_image=&#8221;on|100%|100%|100%|100%&#8221; icon_font_size=&#8221;16px&#8221; use_circle=&#8221;on&#8221; circle_color=&#8221;#d5ebff&#8221; locked=&#8221;off&#8221; global_colors_info=&#8221;{}&#8221; image_icon_background_color__sticky_enabled=&#8221;#002c5e&#8221; image_icon_background_color__sticky=&#8221;#002c5e&#8221;]Biuro:<br \/>\nPon-Pt: 7:00 &#8211; 15:00<br \/>\n[\/et_pb_blurb][et_pb_blurb use_icon=&#8221;on&#8221; font_icon=&#8221;&#x6c;||divi||400&#8243; icon_color=&#8221;#1576cd&#8221; image_icon_background_color=&#8221;#d5ebff&#8221; image_icon_width=&#8221;16px&#8221; _builder_version=&#8221;4.16&#8243; header_font=&#8221;Montserrat|500|||||||&#8221; body_font=&#8221;Montserrat||||||||&#8221; image_icon_custom_padding=&#8221;25px|25px|25px|25px|false|false&#8221; text_orientation=&#8221;center&#8221; background_layout=&#8221;dark&#8221; custom_margin=&#8221;40px|20px|40px|20px&#8221; custom_padding=&#8221;|||&#8221; border_radii_image=&#8221;on|100%|100%|100%|100%&#8221; icon_font_size=&#8221;16px&#8221; use_circle=&#8221;on&#8221; circle_color=&#8221;#d5ebff&#8221; locked=&#8221;off&#8221; global_colors_info=&#8221;{}&#8221; image_icon_background_color__sticky_enabled=&#8221;#002c5e&#8221; image_icon_background_color__sticky=&#8221;#002c5e&#8221;]<\/p>\n<p>TechCool Sp. z o.o.<\/p>\n<p>ul. Dworcowa 24A<\/p>\n<p>63-820 Piaski<\/p>\n<p>NIP: 696 183 79 66<\/p>\n<p>[\/et_pb_blurb][et_pb_button button_url=&#8221;https:\/\/www.google.pl\/maps\/dir\/\/Techcool.+Chodnictwo,+klimatyzacja,+Gosty%C5%84ska+11,+63-820+Piaski\/@51.8829833,17.0680194,17.25z\/data=!4m8!4m7!1m0!1m5!1m1!1s0x47050de09b6db501:0x2ee920c6778ab6fe!2m2!1d17.066347!2d51.882466&#8243; url_new_window=&#8221;on&#8221; button_text=&#8221;poka\u017c na mapie&#8221; button_alignment=&#8221;center&#8221; _builder_version=&#8221;4.16&#8243; custom_button=&#8221;on&#8221; button_text_size=&#8221;15px&#8221; button_bg_color=&#8221;#ffffff&#8221; button_font=&#8221;||||||||&#8221; custom_margin=&#8221;||50px|&#8221; global_colors_info=&#8221;{}&#8221; button_text_size__hover_enabled=&#8221;off&#8221; button_one_text_size__hover_enabled=&#8221;off&#8221; button_two_text_size__hover_enabled=&#8221;off&#8221; button_text_color__hover_enabled=&#8221;off&#8221; button_one_text_color__hover_enabled=&#8221;off&#8221; button_two_text_color__hover_enabled=&#8221;off&#8221; button_border_width__hover_enabled=&#8221;off&#8221; button_one_border_width__hover_enabled=&#8221;off&#8221; button_two_border_width__hover_enabled=&#8221;off&#8221; button_border_color__hover_enabled=&#8221;off&#8221; button_one_border_color__hover_enabled=&#8221;off&#8221; button_two_border_color__hover_enabled=&#8221;off&#8221; button_border_radius__hover_enabled=&#8221;off&#8221; button_one_border_radius__hover_enabled=&#8221;off&#8221; button_two_border_radius__hover_enabled=&#8221;off&#8221; button_letter_spacing__hover_enabled=&#8221;off&#8221; button_one_letter_spacing__hover_enabled=&#8221;off&#8221; button_two_letter_spacing__hover_enabled=&#8221;off&#8221; button_bg_color__hover_enabled=&#8221;off&#8221; button_one_bg_color__hover_enabled=&#8221;off&#8221; button_two_bg_color__hover_enabled=&#8221;off&#8221;][\/et_pb_button][\/et_pb_column_inner][\/et_pb_row_inner][\/et_pb_column][\/et_pb_section][et_pb_section fb_built=&#8221;1&#8243; fullwidth=&#8221;on&#8221; _builder_version=&#8221;4.16&#8243; global_colors_info=&#8221;{}&#8221;][et_pb_fullwidth_code _builder_version=&#8221;4.27.4&#8243; _module_preset=&#8221;default&#8221; hover_enabled=&#8221;0&#8243; sticky_enabled=&#8221;0&#8243;]<iframe src=\"https:\/\/www.google.com\/maps\/embed?pb=!1m18!1m12!1m3!1d2462.8323037003506!2d17.06404507632453!3d51.88227358324924!2m3!1f0!2f0!3f0!3m2!1i1024!2i768!4f13.1!3m3!1m2!1s0x47050de09b6db501%3A0x2ee920c6778ab6fe!2sTechcool.%20Chodnictwo%2C%20klimatyzacja!5e0!3m2!1spl!2spl!4v1736280139994!5m2!1spl!2spl\" width=\"100%\" height=\"450\" style=\"border:0;\" allowfullscreen=\"\" loading=\"lazy\" referrerpolicy=\"no-referrer-when-downgrade\"><\/iframe>[\/et_pb_fullwidth_code][\/et_pb_section]<\/p>\n","protected":false},"excerpt":{"rendered":"<p>KontaktSzanowni Pa\u0144stwo. &nbsp; Bardzo serdecznie zapraszamy do kontaktu z naszymi przedstawicielami. W razie jakichkolwiek pyta\u0144, nasi do\u015bwiadczeni specjali\u015bci, gotowi s\u0105 udzieli\u0107 Pa\u0144stwu wyczerpuj\u0105cych odpowiedzi. Dodatkowo nasza kadra poinformuje Pa\u0144stwa o mo\u017cliwie najkorzystniejszych rozwi\u0105zaniach, wska\u017ce niezb\u0119dne parametry techniczne, rozwieje wszelkie w\u0105tpliwo\u015bci. Informacji udzielamy zar\u00f3wno w przypadku kontaktu osobistego, jak i podczas rozmowy telefonicznej. Istnieje r\u00f3wnie\u017c mo\u017cliwo\u015b\u0107 [&hellip;]<\/p>\n","protected":false},"author":1,"featured_media":0,"parent":0,"menu_order":0,"comment_status":"closed","ping_status":"closed","template":"","meta":{"_et_pb_use_builder":"on","_et_pb_old_content":"","_et_gb_content_width":"","footnotes":""},"class_list":["post-74","page","type-page","status-publish","hentry"],"_links":{"self":[{"href":"https:\/\/www.techcool.pl\/index.php?rest_route=\/wp\/v2\/pages\/74","targetHints":{"allow":["GET"]}}],"collection":[{"href":"https:\/\/www.techcool.pl\/index.php?rest_route=\/wp\/v2\/pages"}],"about":[{"href":"https:\/\/www.techcool.pl\/index.php?rest_route=\/wp\/v2\/types\/page"}],"author":[{"embeddable":true,"href":"https:\/\/www.techcool.pl\/index.php?rest_route=\/wp\/v2\/users\/1"}],"replies":[{"embeddable":true,"href":"https:\/\/www.techcool.pl\/index.php?rest_route=%2Fwp%2Fv2%2Fcomments&post=74"}],"version-history":[{"count":40,"href":"https:\/\/www.techcool.pl\/index.php?rest_route=\/wp\/v2\/pages\/74\/revisions"}],"predecessor-version":[{"id":778,"href":"https:\/\/www.techcool.pl\/index.php?rest_route=\/wp\/v2\/pages\/74\/revisions\/778"}],"wp:attachment":[{"href":"https:\/\/www.techcool.pl\/index.php?rest_route=%2Fwp%2Fv2%2Fmedia&parent=74"}],"curies":[{"name":"wp","href":"https:\/\/api.w.org\/{rel}","templated":true}]}}