{"id":741,"date":"2023-11-14T07:26:03","date_gmt":"2023-11-14T07:26:03","guid":{"rendered":"https:\/\/www.techcool.pl\/?page_id=741"},"modified":"2023-11-14T07:44:29","modified_gmt":"2023-11-14T07:44:29","slug":"projekty-dofinansowania","status":"publish","type":"page","link":"https:\/\/www.techcool.pl\/?page_id=741","title":{"rendered":"PROJEKTY \/ DOFINANSOWANIA"},"content":{"rendered":"<p>[et_pb_section fb_built=&#8221;1&#8243; disabled_on=&#8221;off|off|off&#8221; admin_label=&#8221;Header Section&#8221; _builder_version=&#8221;3.22.3&#8243; use_background_color_gradient=&#8221;on&#8221; background_color_gradient_start=&#8221;rgba(20,61,88,0.65)&#8221; background_color_gradient_end=&#8221;#143d58&#8243; background_color_gradient_overlays_image=&#8221;on&#8221; background_image=&#8221;https:\/\/www.techcool.pl\/wp-content\/uploads\/2018\/04\/IMG_86326.jpg&#8221; custom_margin=&#8221;|||&#8221; custom_padding=&#8221;0|0px|0|0px|false|false&#8221; bottom_divider_style=&#8221;mountains2&#8243; bottom_divider_color=&#8221;rgba(5,41,66,0.3)&#8221; bottom_divider_height=&#8221;20vw&#8221; animation_style=&#8221;slide&#8221; animation_direction=&#8221;top&#8221; animation_intensity_slide=&#8221;3%&#8221; animation_starting_opacity=&#8221;100%&#8221;][et_pb_row disabled_on=&#8221;off|off|off&#8221; _builder_version=&#8221;3.25&#8243; width=&#8221;100%&#8221; max_width=&#8221;100%&#8221; custom_padding=&#8221;78px|0px|27px|0px|false|false&#8221; use_custom_width=&#8221;on&#8221; width_unit=&#8221;off&#8221; custom_width_percent=&#8221;100%&#8221;][et_pb_column type=&#8221;4_4&#8243; _builder_version=&#8221;3.25&#8243; custom_padding=&#8221;|||&#8221; custom_padding__hover=&#8221;|||&#8221;][et_pb_text disabled_on=&#8221;off|off|off&#8221; _builder_version=&#8221;4.9.7&#8243; text_font=&#8221;Montserrat||||||||&#8221; text_font_size=&#8221;21px&#8221; text_line_height=&#8221;1.8em&#8221; header_font=&#8221;Montserrat|600||on|||||&#8221; header_text_align=&#8221;center&#8221; header_font_size=&#8221;4vw&#8221; header_line_height=&#8221;1.5em&#8221; text_orientation=&#8221;center&#8221; background_layout=&#8221;dark&#8221; custom_margin=&#8221;|||&#8221; header_font_size_tablet=&#8221;50px&#8221; header_font_size_phone=&#8221;&#8221; header_font_size_last_edited=&#8221;on|desktop&#8221; header_line_height_tablet=&#8221;1.1em&#8221; header_line_height_phone=&#8221;1.2em&#8221; header_line_height_last_edited=&#8221;off|desktop&#8221;]<\/p>\n<h1>Projekty i dofinansowania<\/h1>\n<p>&nbsp;<\/p>\n<p>[\/et_pb_text][\/et_pb_column][\/et_pb_row][\/et_pb_section][et_pb_section fb_built=&#8221;1&#8243; admin_label=&#8221;CTA Section&#8221; _builder_version=&#8221;3.22.3&#8243; use_background_color_gradient=&#8221;on&#8221; background_color_gradient_start=&#8221;rgba(242,246,249,0)&#8221; background_color_gradient_end=&#8221;#ffffff&#8221; background_color_gradient_direction=&#8221;90deg&#8221; background_color_gradient_start_position=&#8221;75%&#8221; background_color_gradient_end_position=&#8221;75%&#8221; custom_padding=&#8221;26px|0px|43px|0px&#8221; animation_style=&#8221;slide&#8221; animation_direction=&#8221;right&#8221; animation_intensity_slide=&#8221;1%&#8221; saved_tabs=&#8221;all&#8221;][et_pb_row column_structure=&#8221;1_4,1_4,1_4,1_4&#8243; _builder_version=&#8221;3.25&#8243; custom_padding=&#8221;||9px|||&#8221;][et_pb_column type=&#8221;1_4&#8243; _builder_version=&#8221;3.25&#8243; custom_padding=&#8221;|||&#8221; custom_padding__hover=&#8221;|||&#8221;][et_pb_image src=&#8221;https:\/\/www.techcool.pl\/wp-content\/uploads\/2019\/12\/1.png&#8221; align_tablet=&#8221;center&#8221; align_phone=&#8221;&#8221; align_last_edited=&#8221;on|desktop&#8221; _builder_version=&#8221;3.23&#8243;][\/et_pb_image][\/et_pb_column][et_pb_column type=&#8221;1_4&#8243; _builder_version=&#8221;3.25&#8243; custom_padding=&#8221;|||&#8221; custom_padding__hover=&#8221;|||&#8221;][et_pb_image src=&#8221;https:\/\/www.techcool.pl\/wp-content\/uploads\/2019\/12\/2.png&#8221; align_tablet=&#8221;center&#8221; align_phone=&#8221;&#8221; align_last_edited=&#8221;on|desktop&#8221; _builder_version=&#8221;3.23&#8243;][\/et_pb_image][\/et_pb_column][et_pb_column type=&#8221;1_4&#8243; _builder_version=&#8221;3.25&#8243; custom_padding=&#8221;|||&#8221; custom_padding__hover=&#8221;|||&#8221;][et_pb_image src=&#8221;https:\/\/www.techcool.pl\/wp-content\/uploads\/2019\/12\/3.png&#8221; align_tablet=&#8221;center&#8221; align_phone=&#8221;&#8221; align_last_edited=&#8221;on|desktop&#8221; _builder_version=&#8221;3.23&#8243;][\/et_pb_image][\/et_pb_column][et_pb_column type=&#8221;1_4&#8243; _builder_version=&#8221;3.25&#8243; custom_padding=&#8221;|||&#8221; custom_padding__hover=&#8221;|||&#8221;][et_pb_image src=&#8221;https:\/\/www.techcool.pl\/wp-content\/uploads\/2019\/12\/4.png&#8221; align_tablet=&#8221;center&#8221; align_phone=&#8221;&#8221; align_last_edited=&#8221;on|desktop&#8221; _builder_version=&#8221;3.23&#8243;][\/et_pb_image][\/et_pb_column][\/et_pb_row][et_pb_row _builder_version=&#8221;4.9.7&#8243; max_width=&#8221;1454px&#8221;][et_pb_column type=&#8221;4_4&#8243; _builder_version=&#8221;3.25&#8243; custom_padding=&#8221;|||&#8221; custom_padding__hover=&#8221;|||&#8221;][et_pb_toggle title=&#8221;Projekt nr POIR.04.01.04-00-0028\/19 pt.: \u201eOpracowanie przyjaznej dla \u015brodowiska technologii zamra\u017cania produkt\u00f3w pochodzenia zwierz\u0119cego\u201d.&#8221; _builder_version=&#8221;4.9.7&#8243; _module_preset=&#8221;default&#8221; hover_enabled=&#8221;0&#8243; sticky_enabled=&#8221;0&#8243;]<\/p>\n<p><strong style=\"box-sizing: border-box; font-weight: 500 !important; font-family: SupermolotBold !important;\">Umowa nr: POIR.04.01.04-00-0028\/19-00 z dnia 25.09.2019 r.<\/strong><br style=\"box-sizing: border-box;\" \/><strong style=\"box-sizing: border-box; font-weight: 500 !important; font-family: SupermolotBold !important;\">Czas realizacji projektu: 04.11.2019 \u2013 30.11.2023<\/strong><br style=\"box-sizing: border-box;\" \/><strong style=\"box-sizing: border-box; font-weight: 500 !important; font-family: SupermolotBold !important;\">Akronim: ECOTECH<\/strong><\/p>\n<p>Projekt wsp\u00f3\u0142finansowany przez Uni\u0119 Europejsk\u0105 ze \u015brodk\u00f3w Europejskiego Funduszu Rozwoju Regionalnego w ramach Programu Operacyjnego Inteligentny Rozw\u00f3j. Projekt realizowany w ramach konkursu Narodowego Centrum Bada\u0144 i Rozwoju: Projekty aplikacyjne.<\/p>\n<p>Bud\u017cet projektu: 5 884 307,35 z\u0142<br style=\"box-sizing: border-box;\" \/>Dofinansowanie ze \u015brodk\u00f3w UE projektu:\u00a0 4 764 704,12 z\u0142<\/p>\n<h4 style=\"box-sizing: border-box; margin-top: 0px; margin-bottom: 0.5rem; font-weight: 500; line-height: 1.2; font-size: 1.5rem; color: #343a40; font-family: SupermolotRegular, Arial, Helvetica, sans-serif; font-style: normal; font-variant-ligatures: normal; font-variant-caps: normal; letter-spacing: normal; orphans: 2; text-align: left; text-indent: 0px; text-transform: none; widows: 2; word-spacing: 0px; -webkit-text-stroke-width: 0px; white-space: normal; text-decoration-thickness: initial; text-decoration-style: initial; text-decoration-color: initial;\"><strong style=\"box-sizing: border-box; font-weight: 500 !important; font-family: SupermolotBold !important;\">Sk\u0142ad Konsorcjum:<\/strong><\/h4>\n<ul style=\"box-sizing: border-box; margin-top: 0px; margin-bottom: 1rem; line-height: 25px; padding-left: 20px; color: #343a40; font-family: SupermolotRegular, Arial, Helvetica, sans-serif; font-size: 16px; font-style: normal; font-variant-ligatures: normal; font-variant-caps: normal; font-weight: 400; letter-spacing: normal; orphans: 2; text-align: left; text-indent: 0px; text-transform: none; widows: 2; word-spacing: 0px; -webkit-text-stroke-width: 0px; white-space: normal; text-decoration-thickness: initial; text-decoration-style: initial; text-decoration-color: initial;\">\n<li style=\"box-sizing: border-box;\">Sie\u0107 Badawcza \u0141ukasiewicz \u2013 Pozna\u0144ski Instytut Technologiczny (Lider)<\/li>\n<li style=\"box-sizing: border-box;\">Politechnika Pozna\u0144ska<\/li>\n<li style=\"box-sizing: border-box;\">TechCool Sp. z o.o.<\/li>\n<li style=\"box-sizing: border-box;\">ProCOLD s.c. A.Stasik, M.Szymczak<\/li>\n<li style=\"box-sizing: border-box;\">Zak\u0142ady Mi\u0119sne Brado-2 S.A.<\/li>\n<\/ul>\n<h4 style=\"box-sizing: border-box; margin-top: 0px; margin-bottom: 0.5rem; font-weight: 500; line-height: 1.2; font-size: 1.5rem; color: #343a40; font-family: SupermolotRegular, Arial, Helvetica, sans-serif; font-style: normal; font-variant-ligatures: normal; font-variant-caps: normal; letter-spacing: normal; orphans: 2; text-align: left; text-indent: 0px; text-transform: none; widows: 2; word-spacing: 0px; -webkit-text-stroke-width: 0px; white-space: normal; text-decoration-thickness: initial; text-decoration-style: initial; text-decoration-color: initial;\"><strong style=\"box-sizing: border-box; font-weight: 500 !important; font-family: SupermolotBold !important;\">Cele projektu:<\/strong><\/h4>\n<p>Przedmiotem projektu jest opracowanie innowacyjnej i przyjaznej dla \u015brodowiska technologii zamra\u017cania produkt\u00f3w pochodzenia zwierz\u0119cego. Opracowan\u0105 technologi\u0119 b\u0119dzie spe\u0142nia\u0142a instalacja ch\u0142odnicza dzia\u0142aj\u0105ca w uk\u0142adzie po\u015brednim, kt\u00f3ra b\u0119dzie wdro\u017cona do w\u0142asnej dzia\u0142alno\u015bci gospodarczej firmy TechCool Sp. z o.o. poprzez rozpocz\u0119cie produkcji na bazie uzyskanych w projekcie wynik\u00f3w bada\u0144.<\/p>\n<p>Pomys\u0142 opracowania maszyny spe\u0142niaj\u0105cej innowacyjny proces technologiczny wynika z zapotrzebowania rynku na urz\u0105dzenie, o czym \u015bwiadczy\u0107 mo\u017ce udzia\u0142 w projekcie firmy Brado-2, kt\u00f3rej profil dzia\u0142alno\u015bci skupia si\u0119 na przetw\u00f3rstwie mi\u0119sa w tym, w du\u017cej mierze na zamra\u017caniu.<\/p>\n<h4 style=\"box-sizing: border-box; margin-top: 0px; margin-bottom: 0.5rem; font-weight: 500; line-height: 1.2; font-size: 1.5rem; color: #343a40; font-family: SupermolotRegular, Arial, Helvetica, sans-serif; font-style: normal; font-variant-ligatures: normal; font-variant-caps: normal; letter-spacing: normal; orphans: 2; text-align: left; text-indent: 0px; text-transform: none; widows: 2; word-spacing: 0px; -webkit-text-stroke-width: 0px; white-space: normal; text-decoration-thickness: initial; text-decoration-style: initial; text-decoration-color: initial;\"><strong style=\"box-sizing: border-box; font-weight: 500 !important; font-family: SupermolotBold !important;\">Planowane efekty<\/strong><\/h4>\n<p>Zasadnicze funkcjonalno\u015bci technologii zamra\u017cania to:<\/p>\n<ul style=\"box-sizing: border-box; margin-top: 0px; margin-bottom: 1rem; line-height: 25px; padding-left: 20px; color: #343a40; font-family: SupermolotRegular, Arial, Helvetica, sans-serif; font-size: 16px; font-style: normal; font-variant-ligatures: normal; font-variant-caps: normal; font-weight: 400; letter-spacing: normal; orphans: 2; text-align: left; text-indent: 0px; text-transform: none; widows: 2; word-spacing: 0px; -webkit-text-stroke-width: 0px; white-space: normal; text-decoration-thickness: initial; text-decoration-style: initial; text-decoration-color: initial;\">\n<li style=\"box-sizing: border-box;\">mniejsza ilo\u015bci czynnika ch\u0142odniczego w instalacji,<\/li>\n<li style=\"box-sizing: border-box;\">zastosowanie czynnika ch\u0142odniczego o niskim wsp\u00f3\u0142czynniku GWP,<\/li>\n<li style=\"box-sizing: border-box;\">zastosowanie ch\u0142odziwa, kt\u00f3re nie jest agresywne dla personelu oraz przetwarzanego produktu, dzi\u0119ki temu nie b\u0119dzie<\/li>\n<li style=\"box-sizing: border-box;\">marnowana \u017cywno\u015b\u0107 jak w przypadku kontaktu produktu z syntetycznym czynnikiem ch\u0142odniczym,<\/li>\n<li style=\"box-sizing: border-box;\">zmniejszenie ci\u015bnienia roboczego w p\u0142ytach zamra\u017carki,<\/li>\n<li style=\"box-sizing: border-box;\">zmniejszenie awaryjno\u015bci instalacji ze wzgl\u0119du na zastosowanie ch\u0142odziwa w stanie ciek\u0142ym (widoczny wyciek) \u2013 w przypadku czynnika ch\u0142odniczego w stanie parowym gaz ulatnia si\u0119 niezauwa\u017calnie do atmosfery.<\/li>\n<\/ul>\n<p>Opracowana technologia, kt\u00f3ra b\u0119dzie spe\u0142nia\u0107 powy\u017csze funkcjonalno\u015bci jest poszukiwana przez producent\u00f3w z bran\u017cy ch\u0142odniczej.<\/p>\n<p>[\/et_pb_toggle][et_pb_toggle title=&#8221;Fundusz ubezpiecze\u0144 spo\u0142ecznych. Projekt dotycz\u0105cy utrzymania zdolno\u015bci do pracy przez ca\u0142y okres aktywno\u015bci zawodowej&#8221; _builder_version=&#8221;4.9.7&#8243; _module_preset=&#8221;default&#8221;]<\/p>\n<p style=\"text-align: center;\"><a href=\"https:\/\/www.techcool.pl\/wp-content\/uploads\/2023\/06\/Bez-nazwy-1-scaled-1.jpg\"><img loading=\"lazy\" decoding=\"async\" src=\"https:\/\/www.techcool.pl\/wp-content\/uploads\/2023\/06\/Bez-nazwy-1-scaled-1-1024x682.jpg\" width=\"1024\" height=\"682\" alt=\"\" class=\"wp-image-729 alignnone size-large\" srcset=\"https:\/\/www.techcool.pl\/wp-content\/uploads\/2023\/06\/Bez-nazwy-1-scaled-1-980x653.jpg 980w, https:\/\/www.techcool.pl\/wp-content\/uploads\/2023\/06\/Bez-nazwy-1-scaled-1-480x320.jpg 480w\" sizes=\"(min-width: 0px) and (max-width: 480px) 480px, (min-width: 481px) and (max-width: 980px) 980px, (min-width: 981px) 1024px, 100vw\" \/><\/a><\/p>\n<p>[\/et_pb_toggle][et_pb_toggle title=&#8221;Centrum ir \/ rzecz o innowacjach \/ Polska Nagroda Inteligentnego Rozwoju 2022&#8243; _builder_version=&#8221;4.9.7&#8243; _module_preset=&#8221;default&#8221;]<\/p>\n<p><a href=\"https:\/\/www.techcool.pl\/wp-content\/uploads\/2022\/06\/www.jpg\"><img loading=\"lazy\" decoding=\"async\" src=\"https:\/\/www.techcool.pl\/wp-content\/uploads\/2022\/06\/www.jpg\" width=\"1500\" height=\"1209\" alt=\"\" class=\"wp-image-706 alignnone size-full\" style=\"display: block; margin-left: auto; margin-right: auto;\" srcset=\"https:\/\/www.techcool.pl\/wp-content\/uploads\/2022\/06\/www.jpg 1500w, https:\/\/www.techcool.pl\/wp-content\/uploads\/2022\/06\/www-1280x1032.jpg 1280w, https:\/\/www.techcool.pl\/wp-content\/uploads\/2022\/06\/www-980x790.jpg 980w, https:\/\/www.techcool.pl\/wp-content\/uploads\/2022\/06\/www-480x387.jpg 480w\" sizes=\"(min-width: 0px) and (max-width: 480px) 480px, (min-width: 481px) and (max-width: 980px) 980px, (min-width: 981px) and (max-width: 1280px) 1280px, (min-width: 1281px) 1500px, 100vw\" \/><\/a><\/p>\n<p>[\/et_pb_toggle][\/et_pb_column][\/et_pb_row][\/et_pb_section][et_pb_section fb_built=&#8221;1&#8243; admin_label=&#8221;Footer Section&#8221; _builder_version=&#8221;3.22.3&#8243; use_background_color_gradient=&#8221;on&#8221; background_color_gradient_start=&#8221;rgba(20,61,88,0.65)&#8221; background_color_gradient_end=&#8221;#143d58&#8243; background_color_gradient_overlays_image=&#8221;on&#8221; background_image=&#8221;https:\/\/www.techcool.pl\/wp-content\/uploads\/2018\/04\/IMG_86326.jpg&#8221; custom_margin=&#8221;|||&#8221; custom_padding=&#8221;0|0px|0|0px&#8221; bottom_divider_style=&#8221;mountains2&#8243; bottom_divider_color=&#8221;rgba(5,41,66,0.3)&#8221; bottom_divider_height=&#8221;50%&#8221; animation_style=&#8221;slide&#8221; animation_direction=&#8221;bottom&#8221; animation_intensity_slide=&#8221;6%&#8221; animation_starting_opacity=&#8221;100%&#8221; global_module=&#8221;694&#8243; saved_tabs=&#8221;all&#8221;][et_pb_row admin_label=&#8221;CTA Row&#8221; _builder_version=&#8221;3.25&#8243; custom_padding=&#8221;61px|0px|0|0px|false|false&#8221;][et_pb_column type=&#8221;4_4&#8243; _builder_version=&#8221;3.25&#8243; custom_padding=&#8221;|||&#8221; custom_padding__hover=&#8221;|||&#8221;][et_pb_blurb title=&#8221;Masz pytania ? Zadzwo\u0144 !&#8221; image=&#8221;https:\/\/www.techcool.pl\/wp-content\/uploads\/2018\/04\/Call_icon.png&#8221; admin_label=&#8221;CTA&#8221; _builder_version=&#8221;3.19.4&#8243; header_font=&#8221;Montserrat||||||||&#8221; header_text_color=&#8221;#a4bccb&#8221; header_font_size=&#8221;20px&#8221; header_line_height=&#8221;1.5em&#8221; body_font=&#8221;Montserrat|500|||||||&#8221; body_text_align=&#8221;center&#8221; body_font_size=&#8221;30px&#8221; text_orientation=&#8221;center&#8221; background_layout=&#8221;dark&#8221; animation=&#8221;off&#8221;]<\/p>\n<p><span style=\"color: #ffffff;\"><a style=\"color: #ffffff;\" href=\"tel:+48655719051\">+48 65 571 90 51<\/a><\/span><\/p>\n<p>&nbsp;<\/p>\n<p>[\/et_pb_blurb][\/et_pb_column][\/et_pb_row][et_pb_row column_structure=&#8221;1_5,1_5,1_5,1_5,1_5&#8243; module_class=&#8221; et_pb_row_fullwidth&#8221; _builder_version=&#8221;3.25&#8243; width=&#8221;89%&#8221; width_tablet=&#8221;80%&#8221; width_phone=&#8221;&#8221; width_last_edited=&#8221;on|desktop&#8221; max_width=&#8221;89%&#8221; max_width_tablet=&#8221;80%&#8221; max_width_phone=&#8221;&#8221; max_width_last_edited=&#8221;on|desktop&#8221; custom_padding=&#8221;0|0px|0|0px|false|false&#8221; filter_opacity=&#8221;63%&#8221; make_fullwidth=&#8221;on&#8221;][et_pb_column type=&#8221;1_5&#8243; _builder_version=&#8221;3.25&#8243; custom_padding=&#8221;|||&#8221; custom_padding__hover=&#8221;|||&#8221;][et_pb_text _builder_version=&#8221;3.27.4&#8243; text_font=&#8221;||||||||&#8221; text_text_color=&#8221;#ffffff&#8221; text_font_size=&#8221;20px&#8221; text_orientation=&#8221;center&#8221; custom_margin=&#8221;||20px&#8221; custom_padding=&#8221;||20px&#8221; border_width_bottom=&#8221;2px&#8221; border_color_bottom=&#8221;#ffffff&#8221;]<\/p>\n<p><span>Sekretariat<\/span><br \/> <span><\/span><\/p>\n<p>[\/et_pb_text][et_pb_text _builder_version=&#8221;3.27.4&#8243; text_font=&#8221;||||||||&#8221; text_text_color=&#8221;#ffffff&#8221; text_orientation=&#8221;center&#8221;]<\/p>\n<p><span style=\"color: #ffffff;\"><a href=\"tel:607607213\" style=\"color: #ffffff;\">607 607 213<\/a><\/span><br \/><span style=\"color: #ffffff;\"> <a href=\"mailto:sekretariat@techcool.pl\" style=\"color: #ffffff;\">sekretariat@techcool.pl<\/a><\/span><\/p>\n<p><span><\/span><\/p>\n<p><span><\/span><\/p>\n<p><span><\/span><\/p>\n<p><span><\/span><\/p>\n<p>[\/et_pb_text][\/et_pb_column][et_pb_column type=&#8221;1_5&#8243; _builder_version=&#8221;3.25&#8243; custom_padding=&#8221;|||&#8221; custom_padding__hover=&#8221;|||&#8221;][et_pb_text _builder_version=&#8221;3.27.4&#8243; text_font=&#8221;||||||||&#8221; text_text_color=&#8221;#ffffff&#8221; text_font_size=&#8221;20px&#8221; text_orientation=&#8221;center&#8221; custom_margin=&#8221;||20px&#8221; custom_padding=&#8221;||20px&#8221; border_width_bottom=&#8221;2px&#8221; border_color_bottom=&#8221;#ffffff&#8221;]<\/p>\n<p><span>Ksi\u0119gowo\u015b\u0107<\/span><br \/> <span><\/span><\/p>\n<p>[\/et_pb_text][et_pb_text _builder_version=&#8221;4.9.7&#8243; text_font=&#8221;||||||||&#8221; text_text_color=&#8221;#ffffff&#8221; text_orientation=&#8221;center&#8221;]<span style=\"color: #ffffff;\"><a href=\"tel:609609948\" style=\"color: #ffffff;\">609 609 948<\/a><br \/>\n<a href=\"mailto:w.goscianska@techcool.pl\" style=\"color: #ffffff;\">w.goscianska@techcool.pl<\/a><\/span><\/p>\n<p><span><\/span>[\/et_pb_text][\/et_pb_column][et_pb_column type=&#8221;1_5&#8243; _builder_version=&#8221;3.25&#8243; custom_padding=&#8221;|||&#8221; custom_padding__hover=&#8221;|||&#8221;][et_pb_text _builder_version=&#8221;3.27.4&#8243; text_font=&#8221;||||||||&#8221; text_text_color=&#8221;#ffffff&#8221; text_font_size=&#8221;20px&#8221; text_orientation=&#8221;center&#8221; custom_margin=&#8221;||20px&#8221; custom_padding=&#8221;||20px&#8221; border_width_bottom=&#8221;2px&#8221; border_color_bottom=&#8221;#ffffff&#8221;]<\/p>\n<p><span>Dzia\u0142 zakup\u00f3w<\/span><br \/> <span><\/span><\/p>\n<p>[\/et_pb_text][et_pb_text _builder_version=&#8221;3.27.4&#8243; text_font=&#8221;||||||||&#8221; text_text_color=&#8221;#ffffff&#8221; text_orientation=&#8221;center&#8221;]<\/p>\n<p><span style=\"color: #ffffff;\"><a href=\"tel:603323301\" style=\"color: #ffffff;\">603 323 301<\/a><\/span><br \/><span style=\"color: #ffffff;\"><a href=\"mailto:k.gaszek@techcool.pl\" style=\"color: #ffffff;\">k.gaszek@techcool.pl<\/a><\/span><\/p>\n<p><span><\/span><\/p>\n<p>[\/et_pb_text][\/et_pb_column][et_pb_column type=&#8221;1_5&#8243; _builder_version=&#8221;3.25&#8243; custom_padding=&#8221;|||&#8221; custom_padding__hover=&#8221;|||&#8221;][et_pb_text _builder_version=&#8221;3.27.4&#8243; text_font=&#8221;||||||||&#8221; text_text_color=&#8221;#ffffff&#8221; text_font_size=&#8221;20px&#8221; text_orientation=&#8221;center&#8221; custom_margin=&#8221;||20px&#8221; custom_padding=&#8221;||20px&#8221; border_width_bottom=&#8221;2px&#8221; border_color_bottom=&#8221;#ffffff&#8221;]<\/p>\n<p><span>Dzia\u0142 zabezpiecze\u0144<\/span><br \/> <span><\/span><\/p>\n<p>[\/et_pb_text][et_pb_text _builder_version=&#8221;3.27.4&#8243; text_font=&#8221;||||||||&#8221; text_text_color=&#8221;#ffffff&#8221; text_orientation=&#8221;center&#8221;]<\/p>\n<p><span style=\"color: #ffffff;\"><a href=\"tel:605601150\" style=\"color: #ffffff;\">605 601 150<\/a><\/span><br \/><span style=\"color: #ffffff;\"><a href=\"mailto:m.goluch@techcool.pl\" style=\"color: #ffffff;\">m.goluch@techcool.pl<\/a><\/span><br \/><span style=\"color: #ffffff;\"><\/span><\/p>\n<p><span><\/span><\/p>\n<p>[\/et_pb_text][\/et_pb_column][et_pb_column type=&#8221;1_5&#8243; _builder_version=&#8221;3.25&#8243; custom_padding=&#8221;|||&#8221; custom_padding__hover=&#8221;|||&#8221;][et_pb_text _builder_version=&#8221;3.27.4&#8243; text_font=&#8221;||||||||&#8221; text_text_color=&#8221;#ffffff&#8221; text_font_size=&#8221;20px&#8221; text_orientation=&#8221;center&#8221; custom_margin=&#8221;||20px&#8221; custom_padding=&#8221;||20px&#8221; border_width_bottom=&#8221;2px&#8221; border_color_bottom=&#8221;#ffffff&#8221;]<\/p>\n<p><span>Serwis ch\u0142odniczy<\/span><br \/> <span><\/span><\/p>\n<p>[\/et_pb_text][et_pb_text _builder_version=&#8221;3.27.4&#8243; text_font=&#8221;||||||||&#8221; text_text_color=&#8221;#ffffff&#8221; text_orientation=&#8221;center&#8221;]<\/p>\n<p><span style=\"color: #ffffff;\"><a href=\"tel:665032545\" style=\"color: #ffffff;\">665 032 545<\/a>\u00a0\/\u00a0<a href=\"tel:603393400\" style=\"color: #ffffff;\">603 393 400<\/a><\/span><br \/><span style=\"color: #ffffff;\"><a href=\"mailto:serwis@techcool.pl\" style=\"color: #ffffff;\">serwis@techcool.pl<\/a><\/span><br \/><span style=\"color: #ffffff;\"><\/span><\/p>\n<p><span><\/span><\/p>\n<p>[\/et_pb_text][\/et_pb_column][\/et_pb_row][\/et_pb_section]<\/p>\n","protected":false},"excerpt":{"rendered":"<p>Projekty i dofinansowania &nbsp;Umowa nr: POIR.04.01.04-00-0028\/19-00 z dnia 25.09.2019 r.Czas realizacji projektu: 04.11.2019 \u2013 30.11.2023Akronim: ECOTECH Projekt wsp\u00f3\u0142finansowany przez Uni\u0119 Europejsk\u0105 ze \u015brodk\u00f3w Europejskiego Funduszu Rozwoju Regionalnego w ramach Programu Operacyjnego Inteligentny Rozw\u00f3j. Projekt realizowany w ramach konkursu Narodowego Centrum Bada\u0144 i Rozwoju: Projekty aplikacyjne. Bud\u017cet projektu: 5 884 307,35 z\u0142Dofinansowanie ze \u015brodk\u00f3w UE projektu:\u00a0 [&hellip;]<\/p>\n","protected":false},"author":1,"featured_media":0,"parent":0,"menu_order":0,"comment_status":"closed","ping_status":"closed","template":"","meta":{"_et_pb_use_builder":"on","_et_pb_old_content":"","_et_gb_content_width":"","footnotes":""},"class_list":["post-741","page","type-page","status-publish","hentry"],"_links":{"self":[{"href":"https:\/\/www.techcool.pl\/index.php?rest_route=\/wp\/v2\/pages\/741","targetHints":{"allow":["GET"]}}],"collection":[{"href":"https:\/\/www.techcool.pl\/index.php?rest_route=\/wp\/v2\/pages"}],"about":[{"href":"https:\/\/www.techcool.pl\/index.php?rest_route=\/wp\/v2\/types\/page"}],"author":[{"embeddable":true,"href":"https:\/\/www.techcool.pl\/index.php?rest_route=\/wp\/v2\/users\/1"}],"replies":[{"embeddable":true,"href":"https:\/\/www.techcool.pl\/index.php?rest_route=%2Fwp%2Fv2%2Fcomments&post=741"}],"version-history":[{"count":14,"href":"https:\/\/www.techcool.pl\/index.php?rest_route=\/wp\/v2\/pages\/741\/revisions"}],"predecessor-version":[{"id":766,"href":"https:\/\/www.techcool.pl\/index.php?rest_route=\/wp\/v2\/pages\/741\/revisions\/766"}],"wp:attachment":[{"href":"https:\/\/www.techcool.pl\/index.php?rest_route=%2Fwp%2Fv2%2Fmedia&parent=741"}],"curies":[{"name":"wp","href":"https:\/\/api.w.org\/{rel}","templated":true}]}}